{"id":27,"date":"2025-05-05T14:09:16","date_gmt":"2025-05-05T17:09:16","guid":{"rendered":"http:\/\/marcosvoto.com.br\/?page_id=27"},"modified":"2026-01-28T17:46:03","modified_gmt":"2026-01-28T20:46:03","slug":"vistos-mais-comuns","status":"publish","type":"page","link":"https:\/\/marcosvoto.com.br\/index.php\/vistos-mais-comuns\/","title":{"rendered":"Vistos mais comuns"},"content":{"rendered":"\t\t<div data-elementor-type=\"wp-page\" data-elementor-id=\"27\" class=\"elementor elementor-27\" data-elementor-post-type=\"page\">\n\t\t\t\t<div class=\"elementor-element elementor-element-74d875d9 e-con-full e-flex e-con e-parent\" data-id=\"74d875d9\" data-element_type=\"container\" data-e-type=\"container\" data-settings=\"{&quot;background_background&quot;:&quot;classic&quot;}\">\n\t\t<div class=\"elementor-element elementor-element-3c83019f e-con-full e-flex e-con e-child\" data-id=\"3c83019f\" data-element_type=\"container\" data-e-type=\"container\" data-settings=\"{&quot;background_background&quot;:&quot;classic&quot;}\">\n\t\t\t\t<div class=\"elementor-element elementor-element-35da4104 elementor-widget__width-initial elementor-widget-mobile__width-initial elementor-widget elementor-widget-image-box\" data-id=\"35da4104\" data-element_type=\"widget\" data-e-type=\"widget\" data-widget_type=\"image-box.default\">\n\t\t\t\t<div class=\"elementor-widget-container\">\n\t\t\t\t\t<div class=\"elementor-image-box-wrapper\"><div class=\"elementor-image-box-content\"><p class=\"elementor-image-box-description\">Tipos  de <span class=\"degrade\" style=\"font-family:Arial\">vistos mais comuns<\/span><\/p><\/div><\/div>\t\t\t\t<\/div>\n\t\t\t\t<\/div>\n\t\t\t\t<\/div>\n\t\t<div class=\"elementor-element elementor-element-320fe718 e-con-full e-flex e-con e-child\" data-id=\"320fe718\" data-element_type=\"container\" data-e-type=\"container\">\n\t\t\t\t<div class=\"elementor-element elementor-element-3dfceb6b elementor-widget__width-initial elementor-widget elementor-widget-image-box\" data-id=\"3dfceb6b\" data-element_type=\"widget\" data-e-type=\"widget\" data-widget_type=\"image-box.default\">\n\t\t\t\t<div class=\"elementor-widget-container\">\n\t\t\t\t\t<div class=\"elementor-image-box-wrapper\"><div class=\"elementor-image-box-content\"><h3 class=\"elementor-image-box-title\"><span class=\"degrade\" style=\"font-family:Arial\">EB-1A<\/h3><p class=\"elementor-image-box-description\">Destinado para pessoas com \"habilidades extraordin\u00e1rias\" comprovadas em ci\u00eancias, artes, educa\u00e7\u00e3o, neg\u00f3cios ou atletismo.<\/p><\/div><\/div>\t\t\t\t<\/div>\n\t\t\t\t<\/div>\n\t\t\t\t<div class=\"elementor-element elementor-element-367e5c04 elementor-widget__width-initial elementor-widget elementor-widget-image-box\" data-id=\"367e5c04\" data-element_type=\"widget\" data-e-type=\"widget\" data-widget_type=\"image-box.default\">\n\t\t\t\t<div class=\"elementor-widget-container\">\n\t\t\t\t\t<div class=\"elementor-image-box-wrapper\"><div class=\"elementor-image-box-content\"><h3 class=\"elementor-image-box-title\"><span class=\"degrade\" style=\"font-family:Arial\">EB-2 e EB2NIW<\/h3><p class=\"elementor-image-box-description\">Para profissionais com carreiras de destaque em seu pa\u00eds de origem com atua\u00e7\u00e3o em \u00e1reas de interesse dos EUA.<\/p><\/div><\/div>\t\t\t\t<\/div>\n\t\t\t\t<\/div>\n\t\t\t\t<div class=\"elementor-element elementor-element-1b5f517d elementor-widget__width-initial elementor-widget elementor-widget-image-box\" data-id=\"1b5f517d\" data-element_type=\"widget\" data-e-type=\"widget\" data-widget_type=\"image-box.default\">\n\t\t\t\t<div class=\"elementor-widget-container\">\n\t\t\t\t\t<div class=\"elementor-image-box-wrapper\"><div class=\"elementor-image-box-content\"><h3 class=\"elementor-image-box-title\"><span class=\"degrade\" style=\"font-family:Arial\">EB-3<\/h3><p class=\"elementor-image-box-description\">Atende trabalhadores especializados com 2 anos de experi~encia ou treinamento, ou profissionais que requeiram bacharelado americano.<\/p><\/div><\/div>\t\t\t\t<\/div>\n\t\t\t\t<\/div>\n\t\t\t\t<div class=\"elementor-element elementor-element-3f3ebd59 elementor-widget__width-initial elementor-widget elementor-widget-image-box\" data-id=\"3f3ebd59\" data-element_type=\"widget\" data-e-type=\"widget\" data-widget_type=\"image-box.default\">\n\t\t\t\t<div class=\"elementor-widget-container\">\n\t\t\t\t\t<div class=\"elementor-image-box-wrapper\"><div class=\"elementor-image-box-content\"><h3 class=\"elementor-image-box-title\"><span class=\"degrade\" style=\"font-family:Arial\">EB-5<\/h3><p class=\"elementor-image-box-description\">\"Imagra\u00e7\u00e3o de investidor\", adquirido por estrangeiros empreendedores nos EUA. O investimento m\u00edimo varia com a localidade.<\/p><\/div><\/div>\t\t\t\t<\/div>\n\t\t\t\t<\/div>\n\t\t\t\t<\/div>\n\t\t<div class=\"elementor-element elementor-element-567c3dd0 e-con-full e-flex e-con e-child\" data-id=\"567c3dd0\" data-element_type=\"container\" data-e-type=\"container\">\n\t\t\t\t<div class=\"elementor-element elementor-element-7d9ac02 elementor-widget__width-initial elementor-widget elementor-widget-image-box\" data-id=\"7d9ac02\" data-element_type=\"widget\" data-e-type=\"widget\" data-widget_type=\"image-box.default\">\n\t\t\t\t<div class=\"elementor-widget-container\">\n\t\t\t\t\t<div class=\"elementor-image-box-wrapper\"><div class=\"elementor-image-box-content\"><h3 class=\"elementor-image-box-title\"><span class=\"degrade\" style=\"font-family:Arial\">L-1A<\/h3><p class=\"elementor-image-box-description\">Visto de transfer\u00eancia de executivos, Permite que uma empresa estrangeira, que ainda n\u00e3o possui um escrit\u00f3rio nos EUA, institua a cria\u00e7\u00e3o de um.<\/p><\/div><\/div>\t\t\t\t<\/div>\n\t\t\t\t<\/div>\n\t\t\t\t<div class=\"elementor-element elementor-element-467a35d elementor-widget__width-initial elementor-widget elementor-widget-image-box\" data-id=\"467a35d\" data-element_type=\"widget\" data-e-type=\"widget\" data-widget_type=\"image-box.default\">\n\t\t\t\t<div class=\"elementor-widget-container\">\n\t\t\t\t\t<div class=\"elementor-image-box-wrapper\"><div class=\"elementor-image-box-content\"><h3 class=\"elementor-image-box-title\"><span class=\"degrade\" style=\"font-family:Arial\">P-1A<\/h3><p class=\"elementor-image-box-description\">Visto para pessoas que ir\u00e3o participar de eventos espec\u00edficos<\/p><\/div><\/div>\t\t\t\t<\/div>\n\t\t\t\t<\/div>\n\t\t\t\t<div class=\"elementor-element elementor-element-78363752 elementor-widget__width-initial elementor-widget elementor-widget-image-box\" data-id=\"78363752\" data-element_type=\"widget\" data-e-type=\"widget\" data-widget_type=\"image-box.default\">\n\t\t\t\t<div class=\"elementor-widget-container\">\n\t\t\t\t\t<div class=\"elementor-image-box-wrapper\"><div class=\"elementor-image-box-content\"><h3 class=\"elementor-image-box-title\"><span class=\"degrade\" style=\"font-family:Arial\">O-1A<\/h3><p class=\"elementor-image-box-description\">Visto para pessoas que possuem algum reconhecimento ou premia\u00e7\u00e3o internacional e tenham habilidades extraordin\u00e1rias nos campos: artes, esportes, ci\u00eancias ou neg\u00f3cios.<\/p><\/div><\/div>\t\t\t\t<\/div>\n\t\t\t\t<\/div>\n\t\t\t\t<div class=\"elementor-element elementor-element-5a9830bb elementor-widget__width-initial elementor-widget elementor-widget-image-box\" data-id=\"5a9830bb\" data-element_type=\"widget\" data-e-type=\"widget\" data-widget_type=\"image-box.default\">\n\t\t\t\t<div class=\"elementor-widget-container\">\n\t\t\t\t\t<div class=\"elementor-image-box-wrapper\"><div class=\"elementor-image-box-content\"><h3 class=\"elementor-image-box-title\"><span class=\"degrade\" style=\"font-family:Arial\">E-2<\/h3><p class=\"elementor-image-box-description\">Visto para cidad\u00e3os de pa\u00edses com tratado comercial com os EUA e que tenham inten\u00e7\u00e3o de empreender nos EUA.<\/p><\/div><\/div>\t\t\t\t<\/div>\n\t\t\t\t<\/div>\n\t\t\t\t<\/div>\n\t\t\t\t<div class=\"elementor-element elementor-element-6659a0d9 elementor-widget__width-initial botaodegrade elementor-widget elementor-widget-button\" data-id=\"6659a0d9\" data-element_type=\"widget\" data-e-type=\"widget\" data-widget_type=\"button.default\">\n\t\t\t\t<div class=\"elementor-widget-container\">\n\t\t\t\t\t\t\t\t\t<div class=\"elementor-button-wrapper\">\n\t\t\t\t\t<a class=\"elementor-button elementor-button-link elementor-size-sm\" href=\"https:\/\/wa.me\/14073350474?text=Ol%C3%A1,%20Marcos.%20Peguei%20o%20seu%20WhatsApp%20no%20seu%20site.%20Poderia%20me%20ajudar%20com%20imigra%C3%A7%C3%A3o?\">\n\t\t\t\t\t\t<span class=\"elementor-button-content-wrapper\">\n\t\t\t\t\t\t<span class=\"elementor-button-icon\">\n\t\t\t\t<svg aria-hidden=\"true\" class=\"e-font-icon-svg e-fab-whatsapp\" viewBox=\"0 0 448 512\" xmlns=\"http:\/\/www.w3.org\/2000\/svg\"><path d=\"M380.9 97.1C339 55.1 283.2 32 223.9 32c-122.4 0-222 99.6-222 222 0 39.1 10.2 77.3 29.6 111L0 480l117.7-30.9c32.4 17.7 68.9 27 106.1 27h.1c122.3 0 224.1-99.6 224.1-222 0-59.3-25.2-115-67.1-157zm-157 341.6c-33.2 0-65.7-8.9-94-25.7l-6.7-4-69.8 18.3L72 359.2l-4.4-7c-18.5-29.4-28.2-63.3-28.2-98.2 0-101.7 82.8-184.5 184.6-184.5 49.3 0 95.6 19.2 130.4 54.1 34.8 34.9 56.2 81.2 56.1 130.5 0 101.8-84.9 184.6-186.6 184.6zm101.2-138.2c-5.5-2.8-32.8-16.2-37.9-18-5.1-1.9-8.8-2.8-12.5 2.8-3.7 5.6-14.3 18-17.6 21.8-3.2 3.7-6.5 4.2-12 1.4-32.6-16.3-54-29.1-75.5-66-5.7-9.8 5.7-9.1 16.3-30.3 1.8-3.7.9-6.9-.5-9.7-1.4-2.8-12.5-30.1-17.1-41.2-4.5-10.8-9.1-9.3-12.5-9.5-3.2-.2-6.9-.2-10.6-.2-3.7 0-9.7 1.4-14.8 6.9-5.1 5.6-19.4 19-19.4 46.3 0 27.3 19.9 53.7 22.6 57.4 2.8 3.7 39.1 59.7 94.8 83.8 35.2 15.2 49 16.5 66.6 13.9 10.7-1.6 32.8-13.4 37.4-26.4 4.6-13 4.6-24.1 3.2-26.4-1.3-2.5-5-3.9-10.5-6.6z\"><\/path><\/svg>\t\t\t<\/span>\n\t\t\t\t\t\t\t\t\t<span class=\"elementor-button-text\">MARQUE UMA CONSULTA SEM CUSTO<\/span>\n\t\t\t\t\t<\/span>\n\t\t\t\t\t<\/a>\n\t\t\t\t<\/div>\n\t\t\t\t\t\t\t\t<\/div>\n\t\t\t\t<\/div>\n\t\t\t\t<\/div>\n\t\t\t\t<\/div>\n\t\t","protected":false},"excerpt":{"rendered":"<p>Tipos de vistos mais comuns EB-1A Destinado para pessoas com &#8220;habilidades extraordin\u00e1rias&#8221; comprovadas em ci\u00eancias, artes, educa\u00e7\u00e3o, neg\u00f3cios ou atletismo. EB-2 e EB2NIW Para profissionais com carreiras de destaque em seu pa\u00eds de origem com atua\u00e7\u00e3o em \u00e1reas de interesse dos EUA. EB-3 Atende trabalhadores especializados com 2 anos de experi~encia ou treinamento, ou profissionais [&hellip;]<\/p>\n","protected":false},"author":1,"featured_media":0,"parent":0,"menu_order":0,"comment_status":"closed","ping_status":"closed","template":"elementor_header_footer","meta":{"_joinchat":[],"footnotes":""},"class_list":["post-27","page","type-page","status-publish","hentry"],"_links":{"self":[{"href":"https:\/\/marcosvoto.com.br\/index.php\/wp-json\/wp\/v2\/pages\/27","targetHints":{"allow":["GET"]}}],"collection":[{"href":"https:\/\/marcosvoto.com.br\/index.php\/wp-json\/wp\/v2\/pages"}],"about":[{"href":"https:\/\/marcosvoto.com.br\/index.php\/wp-json\/wp\/v2\/types\/page"}],"author":[{"embeddable":true,"href":"https:\/\/marcosvoto.com.br\/index.php\/wp-json\/wp\/v2\/users\/1"}],"replies":[{"embeddable":true,"href":"https:\/\/marcosvoto.com.br\/index.php\/wp-json\/wp\/v2\/comments?post=27"}],"version-history":[{"count":46,"href":"https:\/\/marcosvoto.com.br\/index.php\/wp-json\/wp\/v2\/pages\/27\/revisions"}],"predecessor-version":[{"id":750,"href":"https:\/\/marcosvoto.com.br\/index.php\/wp-json\/wp\/v2\/pages\/27\/revisions\/750"}],"wp:attachment":[{"href":"https:\/\/marcosvoto.com.br\/index.php\/wp-json\/wp\/v2\/media?parent=27"}],"curies":[{"name":"wp","href":"https:\/\/api.w.org\/{rel}","templated":true}]}}